{"id":131,"date":"2025-02-04T20:46:00","date_gmt":"2025-02-04T19:46:00","guid":{"rendered":"https:\/\/www.38imageseconde.fr\/?page_id=131"},"modified":"2026-01-24T14:50:55","modified_gmt":"2026-01-24T13:50:55","slug":"a-propos-nous","status":"publish","type":"page","link":"https:\/\/www.38imageseconde.fr\/index.php\/a-propos-nous\/","title":{"rendered":"A propos de nous"},"content":{"rendered":"\t\t<div data-elementor-type=\"wp-page\" data-elementor-id=\"131\" class=\"elementor elementor-131\" data-elementor-settings=\"{&quot;ha_cmc_init_switcher&quot;:&quot;no&quot;}\" data-elementor-post-type=\"page\">\n\t\t\t\t<div class=\"elementor-element elementor-element-2b18b49 e-con-full e-flex wpr-particle-no wpr-jarallax-no wpr-parallax-no wpr-sticky-section-no e-con e-parent\" data-id=\"2b18b49\" data-element_type=\"container\" data-e-type=\"container\" data-settings=\"{&quot;background_background&quot;:&quot;classic&quot;,&quot;_ha_eqh_enable&quot;:false}\">\n\t\t<div class=\"elementor-element elementor-element-f5bca3d e-con-full e-flex wpr-particle-no wpr-jarallax-no wpr-parallax-no wpr-sticky-section-no e-con e-child\" data-id=\"f5bca3d\" data-element_type=\"container\" data-e-type=\"container\" data-settings=\"{&quot;_ha_eqh_enable&quot;:false}\">\n\t\t\t\t<div class=\"elementor-element elementor-element-83358ce exad-sticky-section-no exad-glass-effect-no elementor-widget elementor-widget-heading\" data-id=\"83358ce\" data-element_type=\"widget\" data-e-type=\"widget\" data-widget_type=\"heading.default\">\n\t\t\t\t<div class=\"elementor-widget-container\">\n\t\t\t\t\t<h1 class=\"elementor-heading-title elementor-size-default\">\u00c0 propos de nous<\/h1>\t\t\t\t<\/div>\n\t\t\t\t<\/div>\n\t\t\t\t<div class=\"elementor-element elementor-element-ab3133a exad-sticky-section-no exad-glass-effect-no elementor-widget elementor-widget-text-editor\" data-id=\"ab3133a\" data-element_type=\"widget\" data-e-type=\"widget\" data-widget_type=\"text-editor.default\">\n\t\t\t\t<div class=\"elementor-widget-container\">\n\t\t\t\t\t\t\t\t\t<p>L&#8217;association 38imageSeconde a \u00e9t\u00e9 cr\u00e9\u00e9e le 6 juin 2014. Son objectif principal est de <strong>favoriser<\/strong>, <strong>d\u00e9velopper<\/strong> et <strong>promouvoir<\/strong> <strong>la\u00a0 cr\u00e9ation et la culture cin\u00e9matographiques.<\/strong><\/p><p>Par cet objet, l&#8217;association veut contribuer \u00e0 la pratique artistique de ses adh\u00e9rents, en d\u00e9veloppant <strong>l&#8217;\u00e9ducation artistique et la formation au cin\u00e9ma<\/strong> <strong>et \u00e0 l&#8217;audiovisuel<\/strong> avec invitation \u00e0 la partager au plus grand nombre. <br \/>Pour la r\u00e9alisation de cet objet, l&#8217;association organisera des ateliers techniques et <br \/>administratifs et sera soutien d&#8217;initiatives de cr\u00e9ation et lieu de diffusion d&#8217;\u0153uvres <br \/>cin\u00e9matographiques et d\u00e9veloppera tout partenariat utile. <br \/>L&#8217;Association s&#8217;interdit de servir tout pros\u00e9lytisme.<\/p>\t\t\t\t\t\t\t\t<\/div>\n\t\t\t\t<\/div>\n\t\t\t\t<\/div>\n\t\t<div class=\"elementor-element elementor-element-5edfa1d e-con-full e-flex wpr-particle-no wpr-jarallax-no wpr-parallax-no wpr-sticky-section-no e-con e-child\" data-id=\"5edfa1d\" data-element_type=\"container\" data-e-type=\"container\" data-settings=\"{&quot;background_background&quot;:&quot;classic&quot;,&quot;_ha_eqh_enable&quot;:false}\">\n\t\t\t\t<div class=\"elementor-element elementor-element-e377639 exad-sticky-section-no exad-glass-effect-no elementor-widget elementor-widget-image\" data-id=\"e377639\" data-element_type=\"widget\" data-e-type=\"widget\" data-widget_type=\"image.default\">\n\t\t\t\t<div class=\"elementor-widget-container\">\n\t\t\t\t\t\t\t\t\t\t\t\t\t\t\t<img fetchpriority=\"high\" decoding=\"async\" width=\"700\" height=\"700\" src=\"https:\/\/www.38imageseconde.fr\/wp-content\/uploads\/2024\/08\/10-Ans-700x700-1.png\" class=\"attachment-large size-large wp-image-103\" alt=\"\" srcset=\"https:\/\/www.38imageseconde.fr\/wp-content\/uploads\/2024\/08\/10-Ans-700x700-1.png 700w, https:\/\/www.38imageseconde.fr\/wp-content\/uploads\/2024\/08\/10-Ans-700x700-1-300x300.png 300w, https:\/\/www.38imageseconde.fr\/wp-content\/uploads\/2024\/08\/10-Ans-700x700-1-150x150.png 150w\" sizes=\"(max-width: 700px) 100vw, 700px\" \/>\t\t\t\t\t\t\t\t\t\t\t\t\t\t\t<\/div>\n\t\t\t\t<\/div>\n\t\t\t\t<\/div>\n\t\t\t\t<\/div>\n\t\t<div class=\"elementor-element elementor-element-b9da14c e-flex e-con-boxed wpr-particle-no wpr-jarallax-no wpr-parallax-no wpr-sticky-section-no e-con e-parent\" data-id=\"b9da14c\" data-element_type=\"container\" data-e-type=\"container\" data-settings=\"{&quot;background_background&quot;:&quot;classic&quot;,&quot;_ha_eqh_enable&quot;:false}\">\n\t\t\t\t\t<div class=\"e-con-inner\">\n\t\t\t\t<div class=\"elementor-element elementor-element-378d361 exad-sticky-section-no exad-glass-effect-no elementor-widget elementor-widget-spacer\" data-id=\"378d361\" data-element_type=\"widget\" data-e-type=\"widget\" data-widget_type=\"spacer.default\">\n\t\t\t\t<div class=\"elementor-widget-container\">\n\t\t\t\t\t\t\t<div class=\"elementor-spacer\">\n\t\t\t<div class=\"elementor-spacer-inner\"><\/div>\n\t\t<\/div>\n\t\t\t\t\t\t<\/div>\n\t\t\t\t<\/div>\n\t\t\t\t\t<\/div>\n\t\t\t\t<\/div>\n\t\t\t\t<section class=\"elementor-section elementor-top-section elementor-element elementor-element-3c08c6d10 elementor-section-boxed elementor-section-height-default elementor-section-height-default exad-glass-effect-no wpr-particle-no wpr-jarallax-no wpr-parallax-no wpr-sticky-section-no exad-sticky-section-no\" data-id=\"3c08c6d10\" data-element_type=\"section\" data-e-type=\"section\" data-settings=\"{&quot;background_background&quot;:&quot;classic&quot;,&quot;_ha_eqh_enable&quot;:false}\">\n\t\t\t\t\t\t\t<div class=\"elementor-background-overlay\"><\/div>\n\t\t\t\t\t\t\t<div class=\"elementor-container elementor-column-gap-default\">\n\t\t\t\t\t<div class=\"elementor-column elementor-col-100 elementor-top-column elementor-element elementor-element-753a4b47 exad-glass-effect-no exad-sticky-section-no\" data-id=\"753a4b47\" data-element_type=\"column\" data-e-type=\"column\">\n\t\t\t<div class=\"elementor-widget-wrap elementor-element-populated\">\n\t\t\t\t\t\t<div class=\"elementor-element elementor-element-292e97c8 exad-sticky-section-no exad-glass-effect-no elementor-widget elementor-widget-heading\" data-id=\"292e97c8\" data-element_type=\"widget\" data-e-type=\"widget\" data-widget_type=\"heading.default\">\n\t\t\t\t<div class=\"elementor-widget-container\">\n\t\t\t\t\t<h2 class=\"elementor-heading-title elementor-size-default\">Point important <\/h2>\t\t\t\t<\/div>\n\t\t\t\t<\/div>\n\t\t\t\t<section class=\"elementor-section elementor-inner-section elementor-element elementor-element-720ddfd6 elementor-section-boxed elementor-section-height-default elementor-section-height-default exad-glass-effect-no wpr-particle-no wpr-jarallax-no wpr-parallax-no wpr-sticky-section-no exad-sticky-section-no\" data-id=\"720ddfd6\" data-element_type=\"section\" data-e-type=\"section\" data-settings=\"{&quot;_ha_eqh_enable&quot;:false}\">\n\t\t\t\t\t\t<div class=\"elementor-container elementor-column-gap-wide\">\n\t\t\t\t\t<div class=\"elementor-column elementor-col-50 elementor-inner-column elementor-element elementor-element-765d19f4 exad-glass-effect-no exad-sticky-section-no\" data-id=\"765d19f4\" data-element_type=\"column\" data-e-type=\"column\">\n\t\t\t<div class=\"elementor-widget-wrap elementor-element-populated\">\n\t\t\t\t\t\t<div class=\"elementor-element elementor-element-78552a14 wpr-feature-list-right wpr-feature-list-rhombus wpr-feature-list-line-yes exad-sticky-section-no exad-glass-effect-no elementor-widget elementor-widget-wpr-feature-list\" data-id=\"78552a14\" data-element_type=\"widget\" data-e-type=\"widget\" data-widget_type=\"wpr-feature-list.default\">\n\t\t\t\t<div class=\"elementor-widget-container\">\n\t\t\t\t\t<div class=\"wpr-feature-list-wrap\"><ul class=\"wpr-feature-list\"><li class=\"wpr-feature-list-item elementor-repeater-item-de1ce9a\"><div class=\"wpr-feature-list-icon-wrap\"><span class=\"wpr-feature-list-line\"><\/span><div class=\"wpr-feature-list-icon-inner-wrap\"><svg aria-hidden=\"true\" class=\"e-font-icon-svg e-fas-dove\" viewBox=\"0 0 512 512\" xmlns=\"http:\/\/www.w3.org\/2000\/svg\"><path d=\"M288 167.2v-28.1c-28.2-36.3-47.1-79.3-54.1-125.2-2.1-13.5-19-18.8-27.8-8.3-21.1 24.9-37.7 54.1-48.9 86.5 34.2 38.3 80 64.6 130.8 75.1zM400 64c-44.2 0-80 35.9-80 80.1v59.4C215.6 197.3 127 133 87 41.8c-5.5-12.5-23.2-13.2-29-.9C41.4 76 32 115.2 32 156.6c0 70.8 34.1 136.9 85.1 185.9 13.2 12.7 26.1 23.2 38.9 32.8l-143.9 36C1.4 414-3.4 426.4 2.6 435.7 20 462.6 63 508.2 155.8 512c8 .3 16-2.6 22.1-7.9l65.2-56.1H320c88.4 0 160-71.5 160-159.9V128l32-64H400zm0 96.1c-8.8 0-16-7.2-16-16s7.2-16 16-16 16 7.2 16 16-7.2 16-16 16z\"><\/path><\/svg><\/div><\/div><div class=\"wpr-feature-list-content-wrap\"><h2 class=\"wpr-feature-list-title\"><a class=\"wpr-feature-list-url\" target=\"_blank\" rel=\"nofollow\">Mise en avant d\u2019\u00e9v\u00e9nements culturels locaux<\/a><\/h2><p class=\"wpr-feature-list-description\">Sur la page Facebook, l\u2019association partage r\u00e9guli\u00e8rement des informations sur des projections, collaborations et animations autour du cin\u00e9ma et de l\u2019audiovisuel, notamment des projections pilot\u00e9es en partenariat avec des cin\u00e9mas locaux ou des \u00e9v\u00e9nements en lien avec la m\u00e9moire et l\u2019histoire r\u00e9gionale.<\/p><\/div><\/li><li class=\"wpr-feature-list-item elementor-repeater-item-e4ff22c\"><div class=\"wpr-feature-list-icon-wrap\"><span class=\"wpr-feature-list-line\"><\/span><div class=\"wpr-feature-list-icon-inner-wrap\"><i aria-hidden=\"true\" class=\"icon icon-phone-call1\"><\/i><\/div><\/div><div class=\"wpr-feature-list-content-wrap\"><h2 class=\"wpr-feature-list-title\"><a class=\"wpr-feature-list-url\" target=\"_blank\" rel=\"nofollow\">Promotion des projets et appels \u00e0 participation<\/a><\/h2><p class=\"wpr-feature-list-description\">L\u2019association publie des actualit\u00e9s sur ses projets en cours, ses besoins et ses appels \u00e0 b\u00e9n\u00e9voles.\nNous avons r\u00e9cemment recherch\u00e9 un monteur vid\u00e9o b\u00e9n\u00e9vole pour nous aider \u00e0 traiter les rushs de nos tournages et enrichir nos productions.<\/p><\/div><\/li><li class=\"wpr-feature-list-item elementor-repeater-item-560700d\"><div class=\"wpr-feature-list-icon-wrap\"><span class=\"wpr-feature-list-line\"><\/span><div class=\"wpr-feature-list-icon-inner-wrap\"><svg aria-hidden=\"true\" class=\"e-font-icon-svg e-fas-exchange-alt\" viewBox=\"0 0 512 512\" xmlns=\"http:\/\/www.w3.org\/2000\/svg\"><path d=\"M0 168v-16c0-13.255 10.745-24 24-24h360V80c0-21.367 25.899-32.042 40.971-16.971l80 80c9.372 9.373 9.372 24.569 0 33.941l-80 80C409.956 271.982 384 261.456 384 240v-48H24c-13.255 0-24-10.745-24-24zm488 152H128v-48c0-21.314-25.862-32.08-40.971-16.971l-80 80c-9.372 9.373-9.372 24.569 0 33.941l80 80C102.057 463.997 128 453.437 128 432v-48h360c13.255 0 24-10.745 24-24v-16c0-13.255-10.745-24-24-24z\"><\/path><\/svg><\/div><\/div><div class=\"wpr-feature-list-content-wrap\"><h2 class=\"wpr-feature-list-title\"><a class=\"wpr-feature-list-url\" target=\"_blank\" rel=\"nofollow\">Engagement communautaire et \u00e9changes<\/a><\/h2><p class=\"wpr-feature-list-description\">L\u2019ambiance g\u00e9n\u00e9rale est amicale, participative et orient\u00e9e vers la valorisation de la culture cin\u00e9matographique locale.<\/p><\/div><\/li><\/ul><\/div>\t\t\t\t<\/div>\n\t\t\t\t<\/div>\n\t\t\t\t\t<\/div>\n\t\t<\/div>\n\t\t\t\t<div class=\"elementor-column elementor-col-50 elementor-inner-column elementor-element elementor-element-53a319d6 exad-glass-effect-no exad-sticky-section-no\" data-id=\"53a319d6\" data-element_type=\"column\" data-e-type=\"column\">\n\t\t\t<div class=\"elementor-widget-wrap elementor-element-populated\">\n\t\t\t\t\t\t<div class=\"elementor-element elementor-element-5abd5d6d wpr-feature-list-rhombus wpr-feature-list-left wpr-feature-list-line-yes exad-sticky-section-no exad-glass-effect-no elementor-widget elementor-widget-wpr-feature-list\" data-id=\"5abd5d6d\" data-element_type=\"widget\" data-e-type=\"widget\" data-widget_type=\"wpr-feature-list.default\">\n\t\t\t\t<div class=\"elementor-widget-container\">\n\t\t\t\t\t<div class=\"wpr-feature-list-wrap\"><ul class=\"wpr-feature-list\"><li class=\"wpr-feature-list-item elementor-repeater-item-560700d\"><div class=\"wpr-feature-list-icon-wrap\"><span class=\"wpr-feature-list-line\"><\/span><div class=\"wpr-feature-list-icon-inner-wrap\"><i aria-hidden=\"true\" class=\"huge huge-sharing\"><\/i><\/div><\/div><div class=\"wpr-feature-list-content-wrap\"><h2 class=\"wpr-feature-list-title\"><a class=\"wpr-feature-list-url\" target=\"_blank\" rel=\"nofollow\">Partage des coulisses et r\u00e9alisations audiovisuelles<\/a><\/h2><p class=\"wpr-feature-list-description\">Le site et la page facebook re-partagent des extraits, images ou temps forts de films , documentaires r\u00e9alis\u00e9s par les membres, ainsi que des coulisses de tournage. Des projets comme un documentaire sur la reconstruction en pis\u00e9.<\/p><\/div><\/li><li class=\"wpr-feature-list-item elementor-repeater-item-de1ce9a\"><div class=\"wpr-feature-list-icon-wrap\"><span class=\"wpr-feature-list-line\"><\/span><div class=\"wpr-feature-list-icon-inner-wrap\"><i aria-hidden=\"true\" class=\"huge huge-invoice-01\"><\/i><\/div><\/div><div class=\"wpr-feature-list-content-wrap\"><h2 class=\"wpr-feature-list-title\"><a class=\"wpr-feature-list-url\" target=\"_blank\" rel=\"nofollow\">R\u00e9sum\u00e9<\/a><\/h2><p class=\"wpr-feature-list-description\">La page Facebook et le site de 38imageSeconde sert surtout \u00e0 promouvoir nos activit\u00e9s culturelles, \u00e0 partager des moments conviviaux autour du cin\u00e9ma, \u00e0 relayer nos projets et \u00e0 f\u00e9d\u00e9rer une communaut\u00e9 d\u2019amateurs et de professionnels du 7e art. L\u2019association met l\u2019accent sur la cr\u00e9ation artistique, les \u00e9v\u00e9nements publics et les collaborations locales dans une ambiance chaleureuse et ouverte \u00e0 tous.<\/p><\/div><\/li><\/ul><\/div>\t\t\t\t<\/div>\n\t\t\t\t<\/div>\n\t\t\t\t\t<\/div>\n\t\t<\/div>\n\t\t\t\t\t<\/div>\n\t\t<\/section>\n\t\t\t\t\t<\/div>\n\t\t<\/div>\n\t\t\t\t\t<\/div>\n\t\t<\/section>\n\t\t<div class=\"elementor-element elementor-element-c2dab61 e-flex e-con-boxed wpr-particle-no wpr-jarallax-no wpr-parallax-no wpr-sticky-section-no e-con e-parent\" data-id=\"c2dab61\" data-element_type=\"container\" data-e-type=\"container\" data-settings=\"{&quot;background_background&quot;:&quot;classic&quot;,&quot;_ha_eqh_enable&quot;:false}\">\n\t\t\t\t\t<div class=\"e-con-inner\">\n\t\t<div class=\"elementor-element elementor-element-7978fe3 e-con-full e-flex wpr-particle-no wpr-jarallax-no wpr-parallax-no wpr-sticky-section-no e-con e-child\" data-id=\"7978fe3\" data-element_type=\"container\" data-e-type=\"container\" data-settings=\"{&quot;background_background&quot;:&quot;classic&quot;,&quot;_ha_eqh_enable&quot;:false}\">\n\t\t\t\t<div class=\"elementor-element elementor-element-ba666c3 exad-sticky-section-no exad-glass-effect-no elementor-widget elementor-widget-image\" data-id=\"ba666c3\" data-element_type=\"widget\" data-e-type=\"widget\" data-widget_type=\"image.default\">\n\t\t\t\t<div class=\"elementor-widget-container\">\n\t\t\t\t\t\t\t\t\t\t\t\t\t\t\t<img decoding=\"async\" width=\"800\" height=\"533\" src=\"https:\/\/www.38imageseconde.fr\/wp-content\/uploads\/2025\/02\/f3c9566d-c615-4c81-afc5-086e36afe40f-1024x682.png\" class=\"attachment-large size-large wp-image-944\" alt=\"\" srcset=\"https:\/\/www.38imageseconde.fr\/wp-content\/uploads\/2025\/02\/f3c9566d-c615-4c81-afc5-086e36afe40f-1024x682.png 1024w, https:\/\/www.38imageseconde.fr\/wp-content\/uploads\/2025\/02\/f3c9566d-c615-4c81-afc5-086e36afe40f-300x200.png 300w, https:\/\/www.38imageseconde.fr\/wp-content\/uploads\/2025\/02\/f3c9566d-c615-4c81-afc5-086e36afe40f-768x512.png 768w, https:\/\/www.38imageseconde.fr\/wp-content\/uploads\/2025\/02\/f3c9566d-c615-4c81-afc5-086e36afe40f.png 1280w\" sizes=\"(max-width: 800px) 100vw, 800px\" \/>\t\t\t\t\t\t\t\t\t\t\t\t\t\t\t<\/div>\n\t\t\t\t<\/div>\n\t\t\t\t<\/div>\n\t\t<div class=\"elementor-element elementor-element-5679f04 e-con-full e-flex wpr-particle-no wpr-jarallax-no wpr-parallax-no wpr-sticky-section-no e-con e-child\" data-id=\"5679f04\" data-element_type=\"container\" data-e-type=\"container\" data-settings=\"{&quot;_ha_eqh_enable&quot;:false}\">\n\t\t\t\t<div class=\"elementor-element elementor-element-b8e0655 exad-sticky-section-no exad-glass-effect-no elementor-widget elementor-widget-heading\" data-id=\"b8e0655\" data-element_type=\"widget\" data-e-type=\"widget\" data-widget_type=\"heading.default\">\n\t\t\t\t<div class=\"elementor-widget-container\">\n\t\t\t\t\t<h2 class=\"elementor-heading-title elementor-size-default\">Notre but\n<\/h2>\t\t\t\t<\/div>\n\t\t\t\t<\/div>\n\t\t\t\t<div class=\"elementor-element elementor-element-7e46782 exad-sticky-section-no exad-glass-effect-no elementor-widget elementor-widget-text-editor\" data-id=\"7e46782\" data-element_type=\"widget\" data-e-type=\"widget\" data-widget_type=\"text-editor.default\">\n\t\t\t\t<div class=\"elementor-widget-container\">\n\t\t\t\t\t\t\t\t\t<p>Nous souhaitons contribuer \u00e0 la pratique artistique de ses adh\u00e9rents, tout en prenant du plaisir a le faire.<\/p>\t\t\t\t\t\t\t\t<\/div>\n\t\t\t\t<\/div>\n\t\t\t\t<\/div>\n\t\t\t\t\t<\/div>\n\t\t\t\t<\/div>\n\t\t\t\t<\/div>\n\t\t","protected":false},"excerpt":{"rendered":"<p>\u00c0 propos de nous L&#8217;association 38imageSeconde a \u00e9t\u00e9 cr\u00e9\u00e9e le 6 juin 2014. Son objectif principal est de favoriser, d\u00e9velopper et promouvoir la\u00a0 cr\u00e9ation et la culture cin\u00e9matographiques. Par cet objet, l&#8217;association veut contribuer \u00e0 la pratique artistique de ses adh\u00e9rents, en d\u00e9veloppant l&#8217;\u00e9ducation artistique et la formation au cin\u00e9ma et \u00e0 l&#8217;audiovisuel avec invitation \u00e0 la partager au plus grand nombre. Pour la r\u00e9alisation de cet objet, l&#8217;association organisera des ateliers techniques et administratifs et sera soutien d&#8217;initiatives de cr\u00e9ation et lieu de diffusion d&#8217;\u0153uvres cin\u00e9matographiques et d\u00e9veloppera tout partenariat utile. L&#8217;Association s&#8217;interdit de servir tout pros\u00e9lytisme. Point important Mise en avant d\u2019\u00e9v\u00e9nements culturels locaux Sur la page Facebook, l\u2019association partage r\u00e9guli\u00e8rement des informations sur des projections, collaborations et animations autour du cin\u00e9ma et de l\u2019audiovisuel, notamment des projections pilot\u00e9es en partenariat avec des cin\u00e9mas locaux ou des \u00e9v\u00e9nements en lien avec la m\u00e9moire et l\u2019histoire r\u00e9gionale. Promotion des projets et appels \u00e0 participation L\u2019association publie des actualit\u00e9s sur ses projets en cours, ses besoins et ses appels \u00e0 b\u00e9n\u00e9voles. Nous avons r\u00e9cemment recherch\u00e9 un monteur vid\u00e9o b\u00e9n\u00e9vole pour nous aider \u00e0 traiter les rushs de nos tournages et enrichir nos productions. Engagement communautaire et \u00e9changes L\u2019ambiance g\u00e9n\u00e9rale est amicale, participative et orient\u00e9e vers la valorisation de la culture cin\u00e9matographique locale. Partage des coulisses et r\u00e9alisations audiovisuelles Le site et la page facebook re-partagent des extraits, images ou temps forts de films , documentaires r\u00e9alis\u00e9s par les membres, ainsi que des coulisses de tournage. Des projets comme un documentaire sur la reconstruction en pis\u00e9. R\u00e9sum\u00e9 La page Facebook et le site de 38imageSeconde sert surtout \u00e0 promouvoir nos activit\u00e9s culturelles, \u00e0 partager des moments conviviaux autour du cin\u00e9ma, \u00e0 relayer nos projets et \u00e0 f\u00e9d\u00e9rer une communaut\u00e9 d\u2019amateurs et de professionnels du 7e art. L\u2019association met l\u2019accent sur la cr\u00e9ation artistique, les \u00e9v\u00e9nements publics et les collaborations locales dans une ambiance chaleureuse et ouverte \u00e0 tous. Notre but Nous souhaitons contribuer \u00e0 la pratique artistique de ses adh\u00e9rents, tout en prenant du plaisir a le faire.<\/p>\n","protected":false},"author":1,"featured_media":0,"parent":0,"menu_order":0,"comment_status":"closed","ping_status":"closed","template":"","meta":{"footnotes":""},"class_list":["post-131","page","type-page","status-publish","hentry"],"_links":{"self":[{"href":"https:\/\/www.38imageseconde.fr\/index.php\/wp-json\/wp\/v2\/pages\/131","targetHints":{"allow":["GET"]}}],"collection":[{"href":"https:\/\/www.38imageseconde.fr\/index.php\/wp-json\/wp\/v2\/pages"}],"about":[{"href":"https:\/\/www.38imageseconde.fr\/index.php\/wp-json\/wp\/v2\/types\/page"}],"author":[{"embeddable":true,"href":"https:\/\/www.38imageseconde.fr\/index.php\/wp-json\/wp\/v2\/users\/1"}],"replies":[{"embeddable":true,"href":"https:\/\/www.38imageseconde.fr\/index.php\/wp-json\/wp\/v2\/comments?post=131"}],"version-history":[{"count":75,"href":"https:\/\/www.38imageseconde.fr\/index.php\/wp-json\/wp\/v2\/pages\/131\/revisions"}],"predecessor-version":[{"id":1455,"href":"https:\/\/www.38imageseconde.fr\/index.php\/wp-json\/wp\/v2\/pages\/131\/revisions\/1455"}],"wp:attachment":[{"href":"https:\/\/www.38imageseconde.fr\/index.php\/wp-json\/wp\/v2\/media?parent=131"}],"curies":[{"name":"wp","href":"https:\/\/api.w.org\/{rel}","templated":true}]}}